{"id":1736,"date":"2022-07-22T10:06:56","date_gmt":"2022-07-22T08:06:56","guid":{"rendered":"https:\/\/valetparkingschiphol.nl\/danke-reservierung\/"},"modified":"2025-02-04T14:39:28","modified_gmt":"2025-02-04T13:39:28","slug":"danke-reservierung","status":"publish","type":"page","link":"https:\/\/valetparkingschiphol.nl\/de\/danke-reservierung\/","title":{"rendered":"Danke Reservierung"},"content":{"rendered":"<p>[et_pb_section fb_built=&#8220;1&#8243; _builder_version=&#8220;4.17.4&#8243; _module_preset=&#8220;default&#8220; use_background_color_gradient=&#8220;on&#8220; background_color_gradient_stops=&#8220;rgba(0,0,0,0.5) 0%|rgba(0,0,0,0.5) 100%&#8220; background_color_gradient_overlays_image=&#8220;on&#8220; background_image=&#8220;https:\/\/valetparkingschiphol.nl\/wp-content\/uploads\/2022\/06\/schiphol-parkeren.jpg&#8220; height=&#8220;200px&#8220; custom_margin=&#8220;||||false|false&#8220; custom_padding=&#8220;10px||10px||true|false&#8220; custom_css_main_element=&#8220;display: flex;||align-items: center;&#8220; global_colors_info=&#8220;{}&#8220;][et_pb_row _builder_version=&#8220;4.17.4&#8243; _module_preset=&#8220;default&#8220; custom_margin=&#8220;|auto||auto|false|false&#8220; custom_padding=&#8220;44px||||false|false&#8220; custom_css_main_element=&#8220;display: flex;||align-items: center;&#8220; global_colors_info=&#8220;{}&#8220;][et_pb_column type=&#8220;4_4&#8243; _builder_version=&#8220;4.17.4&#8243; _module_preset=&#8220;default&#8220; global_colors_info=&#8220;{}&#8220;][et_pb_text _builder_version=&#8220;4.17.6&#8243; _module_preset=&#8220;default&#8220; header_text_color=&#8220;#FFFFFF&#8220; global_colors_info=&#8220;{}&#8220;]<\/p>\n<h1>DANKE<\/h1>\n<p>[\/et_pb_text][\/et_pb_column][\/et_pb_row][\/et_pb_section][et_pb_section fb_built=&#8220;1&#8243; _builder_version=&#8220;4.17.4&#8243; _module_preset=&#8220;default&#8220; background_color=&#8220;#fafbfe&#8220; global_colors_info=&#8220;{}&#8220;][et_pb_row column_structure=&#8220;1_2,1_2&#8243; _builder_version=&#8220;4.17.4&#8243; _module_preset=&#8220;default&#8220; global_colors_info=&#8220;{}&#8220;][et_pb_column type=&#8220;1_2&#8243; _builder_version=&#8220;4.17.4&#8243; _module_preset=&#8220;default&#8220; global_colors_info=&#8220;{}&#8220;][et_pb_text _builder_version=&#8220;4.21.2&#8243; _module_preset=&#8220;default&#8220; text_text_color=&#8220;#3c414c&#8220; text_line_height=&#8220;1.8em&#8220; header_2_font=&#8220;|700|||||||&#8220; header_2_text_color=&#8220;#000000&#8243; header_2_font_size=&#8220;17px&#8220; custom_margin=&#8220;||24px|||&#8220; hover_enabled=&#8220;0&#8243; global_colors_info=&#8220;{}&#8220; sticky_enabled=&#8220;0&#8243;]<\/p>\n<h2 style=\"margin-bottom: 10px;\">VIELEN DANK F\u00dcR IHRE RESERVIERUNG<\/h2>\n<p>Vielen Dank f\u00fcr Ihre Buchung! Sie erhalten eine Best\u00e4tigungs-E-Mail mit Ihrer Buchung. Wir w\u00fcnschen Ihnen eine gute Reise!<\/p>\n<p>P.S. Vergessen Sie nicht, uns 30 Minuten vor Ihrer Ankunft in Schiphol unter 06-15634297 anzurufen. Rufen Sie uns auch bei Ihrer R\u00fcckkehr nach Schiphol \u00fcber dieselbe Telefonnummer an. <\/p>\n<p>[\/et_pb_text][\/et_pb_column][et_pb_column type=&#8220;1_2&#8243; _builder_version=&#8220;4.17.4&#8243; _module_preset=&#8220;default&#8220; global_colors_info=&#8220;{}&#8220;][et_pb_text _builder_version=&#8220;4.17.4&#8243; _module_preset=&#8220;default&#8220; text_text_color=&#8220;#3c414c&#8220; text_line_height=&#8220;1.8em&#8220; header_2_font=&#8220;|700|||||||&#8220; header_2_text_color=&#8220;#000000&#8243; header_2_font_size=&#8220;17px&#8220; hover_enabled=&#8220;0&#8243; global_colors_info=&#8220;{}&#8220; sticky_enabled=&#8220;0&#8243;]<\/p>\n<h2 style=\"margin-bottom: 10px;\">Valet Parking Schiphol<\/h2>\n<p>Evert van de Beekstraat 1 (B\u00fcro) 1118CL Abflugpassage Schiphol E:<a href=\"mailto:info@valetparkingschiphol.nl\">info@valetparkingschiphol.nl<\/a> T: 0297-785515 (B\u00fcro) T: 06-15634297 (Fahrer) KVK: 74048856<\/p>\n<p>Bitte beachten Sie: Die Lieferadresse f\u00fcr Ihr Auto befindet sich zwischen den Abflughallen 2 und 3.<\/p>\n<p>[\/et_pb_text][\/et_pb_column][\/et_pb_row][\/et_pb_section][et_pb_section fb_built=&#8220;1&#8243; fullwidth=&#8220;on&#8220; _builder_version=&#8220;4.17.4&#8243; _module_preset=&#8220;default&#8220; global_colors_info=&#8220;{}&#8220;][et_pb_fullwidth_code _builder_version=&#8220;4.17.4&#8243; _module_preset=&#8220;default&#8220; custom_css_main_element=&#8220;line-height: 0px;&#8220; global_colors_info=&#8220;{}&#8220;]<iframe src=\"https:\/\/maps.google.com\/maps?q=vertrekpassage%20schiphol&amp;t=&amp;z=13&amp;ie=UTF8&amp;iwloc=&amp;output=embed\" style=\"width: 100%; height: 500px\"><!-- [et_pb_line_break_holder] -->  <!-- [et_pb_line_break_holder] --><\/iframe>[\/et_pb_fullwidth_code][\/et_pb_section]<\/p>\n<div id=\"dipi-popup-maker-container\"><\/div>    <script type=\"text\/javascript\">\n        var ajaxurl = \"https:\/\/valetparkingschiphol.nl\/wp-admin\/admin-ajax.php\";\n    <\/script>\n    ","protected":false},"excerpt":{"rendered":"<p>DANKEVIELEN DANK F\u00dcR IHRE RESERVIERUNG Vielen Dank f\u00fcr Ihre Buchung! Sie erhalten eine Best\u00e4tigungs-E-Mail mit Ihrer Buchung. Wir w\u00fcnschen Ihnen eine gute Reise! P.S. Vergessen Sie nicht, uns 30 Minuten vor Ihrer Ankunft in Schiphol unter 06-15634297 anzurufen. Rufen Sie uns auch bei Ihrer R\u00fcckkehr nach Schiphol \u00fcber dieselbe Telefonnummer an. Valet Parking Schiphol Evert [&hellip;]<\/p>\n","protected":false},"author":2,"featured_media":0,"parent":0,"menu_order":0,"comment_status":"closed","ping_status":"closed","template":"","meta":{"_et_pb_use_builder":"on","_et_pb_old_content":"","_et_gb_content_width":"","footnotes":""},"dipi_cpt_category":[],"class_list":["post-1736","page","type-page","status-publish","hentry"],"yoast_head":"<!-- This site is optimized with the Yoast SEO Premium plugin v27.5 (Yoast SEO v27.5) - https:\/\/yoast.com\/product\/yoast-seo-premium-wordpress\/ -->\n<title>Danke Reservierung &#8212; Valet Parking Schiphol<\/title>\n<meta name=\"robots\" content=\"index, follow, max-snippet:-1, max-image-preview:large, max-video-preview:-1\" \/>\n<link rel=\"canonical\" href=\"https:\/\/valetparkingschiphol.nl\/de\/danke-reservierung\/\" \/>\n<meta property=\"og:locale\" content=\"de_DE\" \/>\n<meta property=\"og:type\" content=\"article\" \/>\n<meta property=\"og:title\" content=\"Danke Reservierung\" \/>\n<meta property=\"og:description\" content=\"DANKEVIELEN DANK F\u00dcR IHRE RESERVIERUNG Vielen Dank f\u00fcr Ihre Buchung! Sie erhalten eine Best\u00e4tigungs-E-Mail mit Ihrer Buchung. Wir w\u00fcnschen Ihnen eine gute Reise! P.S. Vergessen Sie nicht, uns 30 Minuten vor Ihrer Ankunft in Schiphol unter 06-15634297 anzurufen. Rufen Sie uns auch bei Ihrer R\u00fcckkehr nach Schiphol \u00fcber dieselbe Telefonnummer an. Valet Parking Schiphol Evert [&hellip;]\" \/>\n<meta property=\"og:url\" content=\"https:\/\/valetparkingschiphol.nl\/de\/danke-reservierung\/\" \/>\n<meta property=\"og:site_name\" content=\"Valet Parking Schiphol\" \/>\n<meta property=\"article:modified_time\" content=\"2025-02-04T13:39:28+00:00\" \/>\n<meta property=\"og:image\" content=\"https:\/\/valetparkingschiphol.nl\/wp-content\/uploads\/2023\/07\/Middel-13.png\" \/>\n\t<meta property=\"og:image:width\" content=\"3840\" \/>\n\t<meta property=\"og:image:height\" content=\"1360\" \/>\n\t<meta property=\"og:image:type\" content=\"image\/png\" \/>\n<meta name=\"twitter:card\" content=\"summary_large_image\" \/>\n<meta name=\"twitter:label1\" content=\"Gesch\u00e4tzte Lesezeit\" \/>\n\t<meta name=\"twitter:data1\" content=\"2\u00a0Minuten\" \/>\n<script type=\"application\/ld+json\" class=\"yoast-schema-graph\">{\"@context\":\"https:\\\/\\\/schema.org\",\"@graph\":[{\"@type\":\"WebPage\",\"@id\":\"https:\\\/\\\/valetparkingschiphol.nl\\\/de\\\/danke-reservierung\\\/\",\"url\":\"https:\\\/\\\/valetparkingschiphol.nl\\\/de\\\/danke-reservierung\\\/\",\"name\":\"Danke Reservierung &#8212; Valet Parking Schiphol\",\"isPartOf\":{\"@id\":\"https:\\\/\\\/valetparkingschiphol.nl\\\/de\\\/#website\"},\"datePublished\":\"2022-07-22T08:06:56+00:00\",\"dateModified\":\"2025-02-04T13:39:28+00:00\",\"breadcrumb\":{\"@id\":\"https:\\\/\\\/valetparkingschiphol.nl\\\/de\\\/danke-reservierung\\\/#breadcrumb\"},\"inLanguage\":\"de\",\"potentialAction\":[{\"@type\":\"ReadAction\",\"target\":[\"https:\\\/\\\/valetparkingschiphol.nl\\\/de\\\/danke-reservierung\\\/\"]}]},{\"@type\":\"BreadcrumbList\",\"@id\":\"https:\\\/\\\/valetparkingschiphol.nl\\\/de\\\/danke-reservierung\\\/#breadcrumb\",\"itemListElement\":[{\"@type\":\"ListItem\",\"position\":1,\"name\":\"Home\",\"item\":\"https:\\\/\\\/valetparkingschiphol.nl\\\/de\\\/startseite\\\/\"},{\"@type\":\"ListItem\",\"position\":2,\"name\":\"Danke Reservierung\"}]},{\"@type\":\"WebSite\",\"@id\":\"https:\\\/\\\/valetparkingschiphol.nl\\\/de\\\/#website\",\"url\":\"https:\\\/\\\/valetparkingschiphol.nl\\\/de\\\/\",\"name\":\"Valet Parking Schiphol\",\"description\":\"Offici\u00eble Terminal Valet Parking\",\"publisher\":{\"@id\":\"https:\\\/\\\/valetparkingschiphol.nl\\\/de\\\/#organization\"},\"potentialAction\":[{\"@type\":\"SearchAction\",\"target\":{\"@type\":\"EntryPoint\",\"urlTemplate\":\"https:\\\/\\\/valetparkingschiphol.nl\\\/de\\\/?s={search_term_string}\"},\"query-input\":{\"@type\":\"PropertyValueSpecification\",\"valueRequired\":true,\"valueName\":\"search_term_string\"}}],\"inLanguage\":\"de\"},{\"@type\":\"Organization\",\"@id\":\"https:\\\/\\\/valetparkingschiphol.nl\\\/de\\\/#organization\",\"name\":\"Valet Parking Schiphol\",\"url\":\"https:\\\/\\\/valetparkingschiphol.nl\\\/de\\\/\",\"logo\":{\"@type\":\"ImageObject\",\"inLanguage\":\"de\",\"@id\":\"https:\\\/\\\/valetparkingschiphol.nl\\\/de\\\/#\\\/schema\\\/logo\\\/image\\\/\",\"url\":\"https:\\\/\\\/valetparkingschiphol.nl\\\/wp-content\\\/uploads\\\/2023\\\/07\\\/Middel-13.png\",\"contentUrl\":\"https:\\\/\\\/valetparkingschiphol.nl\\\/wp-content\\\/uploads\\\/2023\\\/07\\\/Middel-13.png\",\"width\":3840,\"height\":1360,\"caption\":\"Valet Parking Schiphol\"},\"image\":{\"@id\":\"https:\\\/\\\/valetparkingschiphol.nl\\\/de\\\/#\\\/schema\\\/logo\\\/image\\\/\"},\"sameAs\":[\"https:\\\/\\\/www.instagram.com\\\/valetparkingschiphol\"]}]}<\/script>\n<!-- \/ Yoast SEO Premium plugin. -->","yoast_head_json":{"title":"Danke Reservierung &#8212; Valet Parking Schiphol","robots":{"index":"index","follow":"follow","max-snippet":"max-snippet:-1","max-image-preview":"max-image-preview:large","max-video-preview":"max-video-preview:-1"},"canonical":"https:\/\/valetparkingschiphol.nl\/de\/danke-reservierung\/","og_locale":"de_DE","og_type":"article","og_title":"Danke Reservierung","og_description":"DANKEVIELEN DANK F\u00dcR IHRE RESERVIERUNG Vielen Dank f\u00fcr Ihre Buchung! Sie erhalten eine Best\u00e4tigungs-E-Mail mit Ihrer Buchung. Wir w\u00fcnschen Ihnen eine gute Reise! P.S. Vergessen Sie nicht, uns 30 Minuten vor Ihrer Ankunft in Schiphol unter 06-15634297 anzurufen. Rufen Sie uns auch bei Ihrer R\u00fcckkehr nach Schiphol \u00fcber dieselbe Telefonnummer an. Valet Parking Schiphol Evert [&hellip;]","og_url":"https:\/\/valetparkingschiphol.nl\/de\/danke-reservierung\/","og_site_name":"Valet Parking Schiphol","article_modified_time":"2025-02-04T13:39:28+00:00","og_image":[{"width":3840,"height":1360,"url":"https:\/\/valetparkingschiphol.nl\/wp-content\/uploads\/2023\/07\/Middel-13.png","type":"image\/png"}],"twitter_card":"summary_large_image","twitter_misc":{"Gesch\u00e4tzte Lesezeit":"2\u00a0Minuten"},"schema":{"@context":"https:\/\/schema.org","@graph":[{"@type":"WebPage","@id":"https:\/\/valetparkingschiphol.nl\/de\/danke-reservierung\/","url":"https:\/\/valetparkingschiphol.nl\/de\/danke-reservierung\/","name":"Danke Reservierung &#8212; Valet Parking Schiphol","isPartOf":{"@id":"https:\/\/valetparkingschiphol.nl\/de\/#website"},"datePublished":"2022-07-22T08:06:56+00:00","dateModified":"2025-02-04T13:39:28+00:00","breadcrumb":{"@id":"https:\/\/valetparkingschiphol.nl\/de\/danke-reservierung\/#breadcrumb"},"inLanguage":"de","potentialAction":[{"@type":"ReadAction","target":["https:\/\/valetparkingschiphol.nl\/de\/danke-reservierung\/"]}]},{"@type":"BreadcrumbList","@id":"https:\/\/valetparkingschiphol.nl\/de\/danke-reservierung\/#breadcrumb","itemListElement":[{"@type":"ListItem","position":1,"name":"Home","item":"https:\/\/valetparkingschiphol.nl\/de\/startseite\/"},{"@type":"ListItem","position":2,"name":"Danke Reservierung"}]},{"@type":"WebSite","@id":"https:\/\/valetparkingschiphol.nl\/de\/#website","url":"https:\/\/valetparkingschiphol.nl\/de\/","name":"Valet Parking Schiphol","description":"Offici\u00eble Terminal Valet Parking","publisher":{"@id":"https:\/\/valetparkingschiphol.nl\/de\/#organization"},"potentialAction":[{"@type":"SearchAction","target":{"@type":"EntryPoint","urlTemplate":"https:\/\/valetparkingschiphol.nl\/de\/?s={search_term_string}"},"query-input":{"@type":"PropertyValueSpecification","valueRequired":true,"valueName":"search_term_string"}}],"inLanguage":"de"},{"@type":"Organization","@id":"https:\/\/valetparkingschiphol.nl\/de\/#organization","name":"Valet Parking Schiphol","url":"https:\/\/valetparkingschiphol.nl\/de\/","logo":{"@type":"ImageObject","inLanguage":"de","@id":"https:\/\/valetparkingschiphol.nl\/de\/#\/schema\/logo\/image\/","url":"https:\/\/valetparkingschiphol.nl\/wp-content\/uploads\/2023\/07\/Middel-13.png","contentUrl":"https:\/\/valetparkingschiphol.nl\/wp-content\/uploads\/2023\/07\/Middel-13.png","width":3840,"height":1360,"caption":"Valet Parking Schiphol"},"image":{"@id":"https:\/\/valetparkingschiphol.nl\/de\/#\/schema\/logo\/image\/"},"sameAs":["https:\/\/www.instagram.com\/valetparkingschiphol"]}]}},"_links":{"self":[{"href":"https:\/\/valetparkingschiphol.nl\/de\/wp-json\/wp\/v2\/pages\/1736","targetHints":{"allow":["GET"]}}],"collection":[{"href":"https:\/\/valetparkingschiphol.nl\/de\/wp-json\/wp\/v2\/pages"}],"about":[{"href":"https:\/\/valetparkingschiphol.nl\/de\/wp-json\/wp\/v2\/types\/page"}],"author":[{"embeddable":true,"href":"https:\/\/valetparkingschiphol.nl\/de\/wp-json\/wp\/v2\/users\/2"}],"replies":[{"embeddable":true,"href":"https:\/\/valetparkingschiphol.nl\/de\/wp-json\/wp\/v2\/comments?post=1736"}],"version-history":[{"count":4,"href":"https:\/\/valetparkingschiphol.nl\/de\/wp-json\/wp\/v2\/pages\/1736\/revisions"}],"predecessor-version":[{"id":1742,"href":"https:\/\/valetparkingschiphol.nl\/de\/wp-json\/wp\/v2\/pages\/1736\/revisions\/1742"}],"wp:attachment":[{"href":"https:\/\/valetparkingschiphol.nl\/de\/wp-json\/wp\/v2\/media?parent=1736"}],"wp:term":[{"taxonomy":"dipi_cpt_category","embeddable":true,"href":"https:\/\/valetparkingschiphol.nl\/de\/wp-json\/wp\/v2\/dipi_cpt_category?post=1736"}],"curies":[{"name":"wp","href":"https:\/\/api.w.org\/{rel}","templated":true}]}}