{"id":1864,"date":"2022-06-16T07:39:08","date_gmt":"2022-06-16T05:39:08","guid":{"rendered":"https:\/\/valetparkingschiphol.nl\/allgemeine-bedingungen-und-konditionen\/"},"modified":"2026-02-09T17:11:41","modified_gmt":"2026-02-09T16:11:41","slug":"allgemeine-bedingungen-und-konditionen","status":"publish","type":"page","link":"https:\/\/valetparkingschiphol.nl\/de\/allgemeine-bedingungen-und-konditionen\/","title":{"rendered":"Allgemeine Bedingungen und Konditionen"},"content":{"rendered":"<p>[et_pb_section fb_built=&#8220;1&#8243; _builder_version=&#8220;4.17.4&#8243; _module_preset=&#8220;default&#8220; background_color=&#8220;#fafbfe&#8220; global_colors_info=&#8220;{}&#8220;][et_pb_row _builder_version=&#8220;4.17.4&#8243; _module_preset=&#8220;default&#8220; global_colors_info=&#8220;{}&#8220;][et_pb_column type=&#8220;4_4&#8243; _builder_version=&#8220;4.17.4&#8243; _module_preset=&#8220;default&#8220; global_colors_info=&#8220;{}&#8220;][et_pb_text _builder_version=&#8220;4.27.5&#8243; _module_preset=&#8220;default&#8220; text_text_color=&#8220;#3c414c&#8220; text_line_height=&#8220;1.8em&#8220; header_2_font=&#8220;|700|||||||&#8220; header_2_text_color=&#8220;#000000&#8243; header_2_font_size=&#8220;17px&#8220; hover_enabled=&#8220;0&#8243; global_colors_info=&#8220;{}&#8220; sticky_enabled=&#8220;0&#8243;]<\/p>\n<h1>BEDINGUNGEN UND KONDITIONEN<\/h1>\n<h2>Das Parkunternehmen &#8211; ValetParkingSchiphol.nl<\/h2>\n<hr>\n<h3>Artikel 1 &#8211; Definitionen<\/h3>\n<ol>\n<li><strong>The Parking Company:<\/strong> The Parking Company, handelnd unter dem Namen ValetParkingSchiphol.nl.<\/li>\n<li><strong>Kunde:<\/strong> jede nat\u00fcrliche oder juristische Person, die einen Vertrag mit The Parking Company abschlie\u00dft.<\/li>\n<li><strong>Fahrzeug:<\/strong> das vom Kunden angebotene Kraftfahrzeug.<\/li>\n<li><strong>Service:<\/strong> das Abholen, Bewegen, Abstellen, Lagern und Zur\u00fcckbringen des Fahrzeugs.<\/li>\n<li><strong>Flughafenstandort:<\/strong> der vereinbarte Transfer- oder R\u00fcckgabeort am oder in der N\u00e4he des Flughafens Schiphol.<\/li>\n<\/ol>\n<hr>\n<h3>Artikel 2 &#8211; Anwendbarkeit<\/h3>\n<ol>\n<li>Diese allgemeinen Gesch\u00e4ftsbedingungen gelten f\u00fcr alle Angebote, Reservierungen und Vertr\u00e4ge.<\/li>\n<li>Abweichungen sind nur g\u00fcltig, wenn sie schriftlich vereinbart wurden.<\/li>\n<li>Sollte sich eine Bestimmung als nichtig oder anfechtbar erweisen, so bleiben die \u00fcbrigen Bestimmungen in vollem Umfang in Kraft und wirksam.<\/li>\n<\/ol>\n<hr>\n<h3>Artikel 3 &#8211; Abschluss des Abkommens<\/h3>\n<ol>\n<li>Der Vertrag wird bei der Buchung \u00fcber die Website, per Telefon oder E-Mail geschlossen.<\/li>\n<li>Der Kunde ist f\u00fcr die korrekte Angabe des Fahrzeugs und der Kontaktinformationen verantwortlich.<\/li>\n<li>Die Parking Company beh\u00e4lt sich das Recht vor, eine Reservierung ohne Angabe von Gr\u00fcnden abzulehnen.<\/li>\n<\/ol>\n<hr>\n<h3>Artikel 4 &#8211; Verpflichtungen des Kunden<\/h3>\n<ol>\n<li>Das Fahrzeug sollte technisch sicher, versichert und T\u00dcV-gepr\u00fcft sein.<\/li>\n<li>Das Fahrzeug darf keine gef\u00e4hrlichen Substanzen, verbotene Waren oder wertvolle lose Gegenst\u00e4nde enthalten.<\/li>\n<li>Der Kunde sorgt f\u00fcr ausreichend Treibstoff.<\/li>\n<li>Der Kunde \u00fcbergibt einen funktionierenden Autoschl\u00fcssel.<\/li>\n<li>Der Kunde bleibt f\u00fcr die pers\u00f6nlichen Gegenst\u00e4nde im Fahrzeug verantwortlich.<\/li>\n<\/ol>\n<hr>\n<h3>Artikel 5 &#8211; Aufzeichnung von Staatsfahrzeugen und Beweisen<\/h3>\n<h4>5.1 Keine Bildaufzeichnung durch The Parking Company<\/h4>\n<p>The Parking Company macht keine Foto- oder Videoaufnahmen von Fahrzeugen bei der Abholung oder R\u00fcckgabe. Die Aufnahme des Zustands des Fahrzeugs liegt in der alleinigen Verantwortung des Kunden. <\/p>\n<h4>5.2 Obligatorische Bildregistrierung durch den Kunden<\/h4>\n<ol>\n<li>Der Kunde ist verpflichtet, bei der R\u00fcckgabe und Abholung des Fahrzeugs am Flughafen klare Fotos und\/oder ein kurzes Video zu machen.<\/li>\n<li>Diese Bilder sollten mindestens Folgendes enthalten:\n<ul>\n<li>Vorderseite<\/li>\n<li>zur\u00fcck<\/li>\n<li>links<\/li>\n<li>rechte Seite<\/li>\n<li>Felgen<\/li>\n<li>spiegelt<\/li>\n<li>Sto\u00dfstangen<\/li>\n<\/ul>\n<\/li>\n<li>Die Bilder m\u00fcssen nachweislich am Standort des Flughafens und zum Zeitpunkt der \u00dcbergabe oder des Empfangs aufgenommen worden sein.<\/li>\n<\/ol>\n<h4>5.3 Beweiskraft<\/h4>\n<ol>\n<li>Bilder, die nicht auf dem Flughafengel\u00e4nde aufgenommen wurden oder nicht auf den Zeitpunkt der \u00dcbergabe zur\u00fcckgef\u00fchrt werden k\u00f6nnen, werden nicht als Beweismittel akzeptiert.<\/li>\n<li>Wenn der Kunde es vers\u00e4umt, Bilder zu machen oder aufzubewahren, geht das volle Beweisrisiko zu seinen Lasten.<\/li>\n<\/ol>\n<h4>5.4 Auswirkungen auf Schadenersatzanspr\u00fcche<\/h4>\n<p>Wenn keine ausreichenden Belege sowohl f\u00fcr den Zeitpunkt der \u00dcbergabe als auch f\u00fcr den Erhalt vorliegen, kann The Parking Company eine Forderung aus Mangel an Beweisen ablehnen.<\/p>\n<hr>\n<h3>Artikel 6 &#8211; Parken und Lagerung<\/h3>\n<ol>\n<li>Das Fahrzeug wird an einem von The Parking Company festgelegten Ort geparkt.<\/li>\n<li>Die Parking Company geht bei der Lagerung von Fahrzeugen mit der \u00fcblichen Sorgfalt vor.<\/li>\n<li>Aus logistischen Gr\u00fcnden kann es zu Verschiebungen von Kilometern kommen.<\/li>\n<\/ol>\n<hr>\n<h3>Artikel 7 &#8211; Pflicht zur Beschwerde und Schadensersatzanspr\u00fcche<\/h3>\n<h4>7.1 Direkte Kontrolle bei der R\u00fcckkehr<\/h4>\n<p>Der Kunde muss das Fahrzeug sofort nach Erhalt am Flughafen inspizieren.<\/p>\n<h4>7.2 Berichtspflicht<\/h4>\n<ol>\n<li>Jeder angebliche neue Schaden sollte sofort und vor Verlassen des Flughafengel\u00e4ndes gemeldet werden.<\/li>\n<li>Wenn m\u00f6glich, wird der Bericht auf einem R\u00fcckgabeformular festgehalten.<\/li>\n<\/ol>\n<h4>7.3 Schriftliche Best\u00e4tigung<\/h4>\n<p>Ein schriftlicher Bericht mit Foto-\/Videobeweisen sollte sp\u00e4testens 24 Stunden nach der Entdeckung per E-Mail eingereicht werden.<\/p>\n<h4>7.4 Konsequenz der Nichtmeldung<\/h4>\n<p>Meldet sich der Kunde nicht rechtzeitig, erlischt der Anspruch auf Schadensersatz grunds\u00e4tzlich, es sei denn, der Kunde macht glaubhaft, dass eine rechtzeitige Meldung nicht zumutbar war.<\/p>\n<h4>7.5 Nachweispflichtiger Anspruch<\/h4>\n<p>Eine Reklamation wird nur ber\u00fccksichtigt, wenn der Kunde liefert:<\/p>\n<ul>\n<li>eine klare Beschreibung des Schadens;<\/li>\n<li>Foto\/Video bei Einreichung und Erhalt gem\u00e4\u00df Artikel 5;<\/li>\n<li>(falls vorhanden) R\u00fccksendeformular.<\/li>\n<\/ul>\n<hr>\n<h3>Artikel 8 &#8211; Haftung<\/h3>\n<ol>\n<li>Das Parkhausunternehmen haftet nur f\u00fcr nachweislich direkte Sch\u00e4den, die w\u00e4hrend der Erbringung der Dienstleistungen entstanden sind und f\u00fcr die ein ausreichender Nachweis gem\u00e4\u00df Artikel 5 und 7 erbracht wurde.<\/li>\n<li>Die Haftung ist auf den von der Versicherung ausgezahlten Betrag begrenzt, maximal jedoch auf 500 \u20ac pro Fahrzeug.<\/li>\n<li>Die Parking Company ist nicht haftbar f\u00fcr:\n<ul>\n<li>Vorbestehende Sch\u00e4den;<\/li>\n<li>mechanische oder elektrische Defekte;<\/li>\n<li>Verlust von losem Eigentum;<\/li>\n<li>indirekte Sch\u00e4den oder Folgesch\u00e4den;<\/li>\n<li>Situationen h\u00f6herer Gewalt.<\/li>\n<\/ul>\n<\/li>\n<li>Diese Einschr\u00e4nkungen gelten nicht in F\u00e4llen von Vorsatz oder grober Fahrl\u00e4ssigkeit.<\/li>\n<\/ol>\n<hr>\n<h3>Artikel 9 &#8211; Zahlung<\/h3>\n<ol>\n<li>Die Zahlung erfolgt im Voraus oder zu Beginn der Dienstleistung. Dies kann nur per Debitkarte zu Beginn erfolgen, wir akzeptieren kein Bargeld. <\/li>\n<li>Wird die Zahlung nicht geleistet, k\u00f6nnen die Dienstleistungen verweigert werden.<\/li>\n<\/ol>\n<hr>\n<h3>Artikel 10 &#8211; Stornierung<\/h3>\n<ol>\n<li>Kostenlose Stornierungen k\u00f6nnen bis zu 24 Stunden vor dem Start vorgenommen werden.<\/li>\n<li>Eine Geb\u00fchr kann innerhalb von 24 Stunden f\u00e4llig werden.<\/li>\n<\/ol>\n<hr>\n<h3>Artikel 11 &#8211; H\u00f6here Gewalt<\/h3>\n<p>Die Parking Company haftet nicht f\u00fcr Versp\u00e4tungen oder Sch\u00e4den aufgrund von h\u00f6herer Gewalt, einschlie\u00dflich extremer Wetterbedingungen, Streiks, Verkehrsproblemen oder staatlicher Ma\u00dfnahmen.<\/p>\n<hr>\n<h3>Artikel 12 &#8211; Datenschutz und Verwendung von Kameras<\/h3>\n<ol>\n<li>Kamerabilder an Parkpl\u00e4tzen k\u00f6nnen f\u00fcr die Sicherheit verwendet werden.<\/li>\n<li>Die Verarbeitung personenbezogener Daten erfolgt in \u00dcbereinstimmung mit der AVG-Gesetzgebung.<\/li>\n<\/ol>\n<hr>\n<h3>Artikel 13 &#8211; Anwendbares Recht und Streitigkeiten<\/h3>\n<ol>\n<li>Alle Vereinbarungen unterliegen dem niederl\u00e4ndischen Recht.<\/li>\n<li>Rechtsstreitigkeiten werden dem zust\u00e4ndigen Gericht in den Niederlanden vorgelegt.<\/li>\n<\/ol>\n<p>[\/et_pb_text][\/et_pb_column][\/et_pb_row][\/et_pb_section]<\/p>\n<div id=\"dipi-popup-maker-container\"><\/div>    <script type=\"text\/javascript\">\n        var ajaxurl = \"https:\/\/valetparkingschiphol.nl\/wp-admin\/admin-ajax.php\";\n    <\/script>\n    ","protected":false},"excerpt":{"rendered":"<p>BEDINGUNGEN UND KONDITIONEN Das Parkunternehmen &#8211; ValetParkingSchiphol.nl Artikel 1 &#8211; Definitionen The Parking Company: The Parking Company, handelnd unter dem Namen ValetParkingSchiphol.nl. Kunde: jede nat\u00fcrliche oder juristische Person, die einen Vertrag mit The Parking Company abschlie\u00dft. Fahrzeug: das vom Kunden angebotene Kraftfahrzeug. Service: das Abholen, Bewegen, Abstellen, Lagern und Zur\u00fcckbringen des Fahrzeugs. Flughafenstandort: der vereinbarte [&hellip;]<\/p>\n","protected":false},"author":1,"featured_media":0,"parent":0,"menu_order":0,"comment_status":"closed","ping_status":"closed","template":"","meta":{"_et_pb_use_builder":"on","_et_pb_old_content":"","_et_gb_content_width":"","footnotes":""},"dipi_cpt_category":[],"class_list":["post-1864","page","type-page","status-publish","hentry"],"yoast_head":"<!-- This site is optimized with the Yoast SEO Premium plugin v27.3 (Yoast SEO v27.3) - https:\/\/yoast.com\/product\/yoast-seo-premium-wordpress\/ -->\n<title>Allgemeine Bedingungen und Konditionen &#8212; Valet Parking Schiphol<\/title>\n<meta name=\"robots\" content=\"index, follow, max-snippet:-1, max-image-preview:large, max-video-preview:-1\" \/>\n<link rel=\"canonical\" href=\"https:\/\/valetparkingschiphol.nl\/de\/allgemeine-bedingungen-und-konditionen\/\" \/>\n<meta property=\"og:locale\" content=\"de_DE\" \/>\n<meta property=\"og:type\" content=\"article\" \/>\n<meta property=\"og:title\" content=\"Allgemeine Bedingungen und Konditionen\" \/>\n<meta property=\"og:description\" content=\"BEDINGUNGEN UND KONDITIONEN Das Parkunternehmen - ValetParkingSchiphol.nl Artikel 1 - Definitionen The Parking Company: The Parking Company, handelnd unter dem Namen ValetParkingSchiphol.nl. Kunde: jede nat\u00fcrliche oder juristische Person, die einen Vertrag mit The Parking Company abschlie\u00dft. Fahrzeug: das vom Kunden angebotene Kraftfahrzeug. Service: das Abholen, Bewegen, Abstellen, Lagern und Zur\u00fcckbringen des Fahrzeugs. Flughafenstandort: der vereinbarte [&hellip;]\" \/>\n<meta property=\"og:url\" content=\"https:\/\/valetparkingschiphol.nl\/de\/allgemeine-bedingungen-und-konditionen\/\" \/>\n<meta property=\"og:site_name\" content=\"Valet Parking Schiphol\" \/>\n<meta property=\"article:modified_time\" content=\"2026-02-09T16:11:41+00:00\" \/>\n<meta property=\"og:image\" content=\"https:\/\/valetparkingschiphol.nl\/wp-content\/uploads\/2023\/07\/Middel-13.png\" \/>\n\t<meta property=\"og:image:width\" content=\"3840\" \/>\n\t<meta property=\"og:image:height\" content=\"1360\" \/>\n\t<meta property=\"og:image:type\" content=\"image\/png\" \/>\n<meta name=\"twitter:card\" content=\"summary_large_image\" \/>\n<meta name=\"twitter:label1\" content=\"Gesch\u00e4tzte Lesezeit\" \/>\n\t<meta name=\"twitter:data1\" content=\"5\u00a0Minuten\" \/>\n<script type=\"application\/ld+json\" class=\"yoast-schema-graph\">{\"@context\":\"https:\\\/\\\/schema.org\",\"@graph\":[{\"@type\":\"WebPage\",\"@id\":\"https:\\\/\\\/valetparkingschiphol.nl\\\/de\\\/allgemeine-bedingungen-und-konditionen\\\/\",\"url\":\"https:\\\/\\\/valetparkingschiphol.nl\\\/de\\\/allgemeine-bedingungen-und-konditionen\\\/\",\"name\":\"Allgemeine Bedingungen und Konditionen &#8212; Valet Parking Schiphol\",\"isPartOf\":{\"@id\":\"https:\\\/\\\/valetparkingschiphol.nl\\\/de\\\/#website\"},\"datePublished\":\"2022-06-16T05:39:08+00:00\",\"dateModified\":\"2026-02-09T16:11:41+00:00\",\"breadcrumb\":{\"@id\":\"https:\\\/\\\/valetparkingschiphol.nl\\\/de\\\/allgemeine-bedingungen-und-konditionen\\\/#breadcrumb\"},\"inLanguage\":\"de\",\"potentialAction\":[{\"@type\":\"ReadAction\",\"target\":[\"https:\\\/\\\/valetparkingschiphol.nl\\\/de\\\/allgemeine-bedingungen-und-konditionen\\\/\"]}]},{\"@type\":\"BreadcrumbList\",\"@id\":\"https:\\\/\\\/valetparkingschiphol.nl\\\/de\\\/allgemeine-bedingungen-und-konditionen\\\/#breadcrumb\",\"itemListElement\":[{\"@type\":\"ListItem\",\"position\":1,\"name\":\"Home\",\"item\":\"https:\\\/\\\/valetparkingschiphol.nl\\\/de\\\/startseite\\\/\"},{\"@type\":\"ListItem\",\"position\":2,\"name\":\"Allgemeine Bedingungen und Konditionen\"}]},{\"@type\":\"WebSite\",\"@id\":\"https:\\\/\\\/valetparkingschiphol.nl\\\/de\\\/#website\",\"url\":\"https:\\\/\\\/valetparkingschiphol.nl\\\/de\\\/\",\"name\":\"Valet Parking Schiphol\",\"description\":\"Offici\u00eble Terminal Valet Parking\",\"publisher\":{\"@id\":\"https:\\\/\\\/valetparkingschiphol.nl\\\/de\\\/#organization\"},\"potentialAction\":[{\"@type\":\"SearchAction\",\"target\":{\"@type\":\"EntryPoint\",\"urlTemplate\":\"https:\\\/\\\/valetparkingschiphol.nl\\\/de\\\/?s={search_term_string}\"},\"query-input\":{\"@type\":\"PropertyValueSpecification\",\"valueRequired\":true,\"valueName\":\"search_term_string\"}}],\"inLanguage\":\"de\"},{\"@type\":\"Organization\",\"@id\":\"https:\\\/\\\/valetparkingschiphol.nl\\\/de\\\/#organization\",\"name\":\"Valet Parking Schiphol\",\"url\":\"https:\\\/\\\/valetparkingschiphol.nl\\\/de\\\/\",\"logo\":{\"@type\":\"ImageObject\",\"inLanguage\":\"de\",\"@id\":\"https:\\\/\\\/valetparkingschiphol.nl\\\/de\\\/#\\\/schema\\\/logo\\\/image\\\/\",\"url\":\"https:\\\/\\\/valetparkingschiphol.nl\\\/wp-content\\\/uploads\\\/2023\\\/07\\\/Middel-13.png\",\"contentUrl\":\"https:\\\/\\\/valetparkingschiphol.nl\\\/wp-content\\\/uploads\\\/2023\\\/07\\\/Middel-13.png\",\"width\":3840,\"height\":1360,\"caption\":\"Valet Parking Schiphol\"},\"image\":{\"@id\":\"https:\\\/\\\/valetparkingschiphol.nl\\\/de\\\/#\\\/schema\\\/logo\\\/image\\\/\"},\"sameAs\":[\"https:\\\/\\\/www.instagram.com\\\/valetparkingschiphol\"]}]}<\/script>\n<!-- \/ Yoast SEO Premium plugin. -->","yoast_head_json":{"title":"Allgemeine Bedingungen und Konditionen &#8212; Valet Parking Schiphol","robots":{"index":"index","follow":"follow","max-snippet":"max-snippet:-1","max-image-preview":"max-image-preview:large","max-video-preview":"max-video-preview:-1"},"canonical":"https:\/\/valetparkingschiphol.nl\/de\/allgemeine-bedingungen-und-konditionen\/","og_locale":"de_DE","og_type":"article","og_title":"Allgemeine Bedingungen und Konditionen","og_description":"BEDINGUNGEN UND KONDITIONEN Das Parkunternehmen - ValetParkingSchiphol.nl Artikel 1 - Definitionen The Parking Company: The Parking Company, handelnd unter dem Namen ValetParkingSchiphol.nl. Kunde: jede nat\u00fcrliche oder juristische Person, die einen Vertrag mit The Parking Company abschlie\u00dft. Fahrzeug: das vom Kunden angebotene Kraftfahrzeug. Service: das Abholen, Bewegen, Abstellen, Lagern und Zur\u00fcckbringen des Fahrzeugs. Flughafenstandort: der vereinbarte [&hellip;]","og_url":"https:\/\/valetparkingschiphol.nl\/de\/allgemeine-bedingungen-und-konditionen\/","og_site_name":"Valet Parking Schiphol","article_modified_time":"2026-02-09T16:11:41+00:00","og_image":[{"width":3840,"height":1360,"url":"https:\/\/valetparkingschiphol.nl\/wp-content\/uploads\/2023\/07\/Middel-13.png","type":"image\/png"}],"twitter_card":"summary_large_image","twitter_misc":{"Gesch\u00e4tzte Lesezeit":"5\u00a0Minuten"},"schema":{"@context":"https:\/\/schema.org","@graph":[{"@type":"WebPage","@id":"https:\/\/valetparkingschiphol.nl\/de\/allgemeine-bedingungen-und-konditionen\/","url":"https:\/\/valetparkingschiphol.nl\/de\/allgemeine-bedingungen-und-konditionen\/","name":"Allgemeine Bedingungen und Konditionen &#8212; Valet Parking Schiphol","isPartOf":{"@id":"https:\/\/valetparkingschiphol.nl\/de\/#website"},"datePublished":"2022-06-16T05:39:08+00:00","dateModified":"2026-02-09T16:11:41+00:00","breadcrumb":{"@id":"https:\/\/valetparkingschiphol.nl\/de\/allgemeine-bedingungen-und-konditionen\/#breadcrumb"},"inLanguage":"de","potentialAction":[{"@type":"ReadAction","target":["https:\/\/valetparkingschiphol.nl\/de\/allgemeine-bedingungen-und-konditionen\/"]}]},{"@type":"BreadcrumbList","@id":"https:\/\/valetparkingschiphol.nl\/de\/allgemeine-bedingungen-und-konditionen\/#breadcrumb","itemListElement":[{"@type":"ListItem","position":1,"name":"Home","item":"https:\/\/valetparkingschiphol.nl\/de\/startseite\/"},{"@type":"ListItem","position":2,"name":"Allgemeine Bedingungen und Konditionen"}]},{"@type":"WebSite","@id":"https:\/\/valetparkingschiphol.nl\/de\/#website","url":"https:\/\/valetparkingschiphol.nl\/de\/","name":"Valet Parking Schiphol","description":"Offici\u00eble Terminal Valet Parking","publisher":{"@id":"https:\/\/valetparkingschiphol.nl\/de\/#organization"},"potentialAction":[{"@type":"SearchAction","target":{"@type":"EntryPoint","urlTemplate":"https:\/\/valetparkingschiphol.nl\/de\/?s={search_term_string}"},"query-input":{"@type":"PropertyValueSpecification","valueRequired":true,"valueName":"search_term_string"}}],"inLanguage":"de"},{"@type":"Organization","@id":"https:\/\/valetparkingschiphol.nl\/de\/#organization","name":"Valet Parking Schiphol","url":"https:\/\/valetparkingschiphol.nl\/de\/","logo":{"@type":"ImageObject","inLanguage":"de","@id":"https:\/\/valetparkingschiphol.nl\/de\/#\/schema\/logo\/image\/","url":"https:\/\/valetparkingschiphol.nl\/wp-content\/uploads\/2023\/07\/Middel-13.png","contentUrl":"https:\/\/valetparkingschiphol.nl\/wp-content\/uploads\/2023\/07\/Middel-13.png","width":3840,"height":1360,"caption":"Valet Parking Schiphol"},"image":{"@id":"https:\/\/valetparkingschiphol.nl\/de\/#\/schema\/logo\/image\/"},"sameAs":["https:\/\/www.instagram.com\/valetparkingschiphol"]}]}},"_links":{"self":[{"href":"https:\/\/valetparkingschiphol.nl\/de\/wp-json\/wp\/v2\/pages\/1864","targetHints":{"allow":["GET"]}}],"collection":[{"href":"https:\/\/valetparkingschiphol.nl\/de\/wp-json\/wp\/v2\/pages"}],"about":[{"href":"https:\/\/valetparkingschiphol.nl\/de\/wp-json\/wp\/v2\/types\/page"}],"author":[{"embeddable":true,"href":"https:\/\/valetparkingschiphol.nl\/de\/wp-json\/wp\/v2\/users\/1"}],"replies":[{"embeddable":true,"href":"https:\/\/valetparkingschiphol.nl\/de\/wp-json\/wp\/v2\/comments?post=1864"}],"version-history":[{"count":10,"href":"https:\/\/valetparkingschiphol.nl\/de\/wp-json\/wp\/v2\/pages\/1864\/revisions"}],"predecessor-version":[{"id":27585026,"href":"https:\/\/valetparkingschiphol.nl\/de\/wp-json\/wp\/v2\/pages\/1864\/revisions\/27585026"}],"wp:attachment":[{"href":"https:\/\/valetparkingschiphol.nl\/de\/wp-json\/wp\/v2\/media?parent=1864"}],"wp:term":[{"taxonomy":"dipi_cpt_category","embeddable":true,"href":"https:\/\/valetparkingschiphol.nl\/de\/wp-json\/wp\/v2\/dipi_cpt_category?post=1864"}],"curies":[{"name":"wp","href":"https:\/\/api.w.org\/{rel}","templated":true}]}}